{"id":154,"date":"2021-05-18T01:55:11","date_gmt":"2021-05-18T01:55:11","guid":{"rendered":"https:\/\/deutscherclubseoul.org\/index.php\/activities\/"},"modified":"2025-05-03T12:30:37","modified_gmt":"2025-05-03T10:30:37","slug":"activities","status":"publish","type":"page","link":"https:\/\/deutscherclubseoul.org\/en\/activities\/","title":{"rendered":"About Us"},"content":{"rendered":"<div data-elementor-type=\"wp-page\" data-elementor-id=\"154\" class=\"elementor elementor-154\">\n\t\t\t\t\t\t<section class=\"elementor-section elementor-top-section elementor-element elementor-element-1ed4f39 elementor-section-height-min-height elementor-section-items-bottom elementor-section-boxed elementor-section-height-default\" data-id=\"1ed4f39\" data-element_type=\"section\" data-e-type=\"section\" data-settings=\"{&quot;background_background&quot;:&quot;classic&quot;}\">\n\t\t\t\t\t\t\t<div class=\"elementor-background-overlay\"><\/div>\n\t\t\t\t\t\t\t<div class=\"elementor-container elementor-column-gap-no\">\n\t\t\t\t\t<div class=\"elementor-column elementor-col-100 elementor-top-column elementor-element elementor-element-ab05aa5 elementor-invisible\" data-id=\"ab05aa5\" data-element_type=\"column\" data-e-type=\"column\" data-settings=\"{&quot;animation&quot;:&quot;fadeIn&quot;,&quot;animation_mobile&quot;:&quot;fadeIn&quot;}\">\n\t\t\t<div class=\"elementor-widget-wrap elementor-element-populated\">\n\t\t\t\t\t\t<div class=\"elementor-element elementor-element-ea9094b elementor-widget__width-initial elementor-widget-mobile__width-initial elementor-invisible elementor-widget elementor-widget-heading\" data-id=\"ea9094b\" data-element_type=\"widget\" data-e-type=\"widget\" data-settings=\"{&quot;_animation&quot;:&quot;fadeIn&quot;}\" data-widget_type=\"heading.default\">\n\t\t\t\t<div class=\"elementor-widget-container\">\n\t\t\t\t\t<h1 class=\"elementor-heading-title elementor-size-default\">Meet Us.<\/h1>\t\t\t\t<\/div>\n\t\t\t\t<\/div>\n\t\t\t\t\t<\/div>\n\t\t<\/div>\n\t\t\t\t\t<\/div>\n\t\t<\/section>\n\t\t<div class=\"elementor-element elementor-element-4b993e9 e-flex e-con-boxed elementor-invisible e-con e-parent\" data-id=\"4b993e9\" data-element_type=\"container\" data-e-type=\"container\" data-settings=\"{&quot;animation&quot;:&quot;fadeIn&quot;}\">\n\t\t\t\t\t<div class=\"e-con-inner\">\n\t\t<div class=\"elementor-element elementor-element-8f931d5 e-con-full e-flex e-con e-child\" data-id=\"8f931d5\" data-element_type=\"container\" data-e-type=\"container\">\n\t\t\t\t<div class=\"elementor-element elementor-element-b8dcf98 elementor-widget elementor-widget-text-editor\" data-id=\"b8dcf98\" data-element_type=\"widget\" data-e-type=\"widget\" data-settings=\"{&quot;_animation&quot;:&quot;none&quot;}\" data-widget_type=\"text-editor.default\">\n\t\t\t\t<div class=\"elementor-widget-container\">\n\t\t\t\t\t\t\t\t\t<div data-index=\"1\">\n<h4>Deutscher Club Seoul: Community and Culture Since 1995<\/h4>\n<p>Deutscher Club Seoul is the go-to gathering spot for Germans and German speakers in Korea. It's a vibrant forum for sharing life abroad experiences and is dedicated to strengthening cultural ties. The club's wide range of events offers a window into Korean culture and encourages cultural exchange.&nbsp;<br>\n<span style=\"position: absolute; top: -10461px;\">https:\/\/www.high-endrolex.com\/19<\/span><br>\nEin wesentliches Merkmal des Deutschen Clubs Seoul ist sein nicht profitorientierter Ansatz. Der Club verfolgt keine kommerziellen Ziele und generiert keine Einnahmen. Alle Mitgliedsbeitr\u00e4ge werden f\u00fcr wohlt\u00e4tige Zwecke verwendet. Mitglieder des Clubs tragen somit direkt zu sozialen Projekten bei und unterst\u00fctzen die Gesellschaft. Entdecken Sie schickes skandinavisches Design https:\/\/www.fakewatch.is in Kopenhagens modernen M\u00f6belgesch\u00e4ften.<\/p>\n<\/div>\t\t\t\t\t\t\t\t<\/div>\n\t\t\t\t<\/div>\n\t\t\t\t<\/div>\n\t\t<div class=\"elementor-element elementor-element-09b1cd9 e-con-full e-flex e-con e-child\" data-id=\"09b1cd9\" data-element_type=\"container\" data-e-type=\"container\" data-settings=\"{&quot;animation&quot;:&quot;none&quot;}\">\n\t\t\t\t<div class=\"elementor-element elementor-element-f20cb76 elementor-widget__width-initial elementor-invisible elementor-widget elementor-widget-spacer\" data-id=\"f20cb76\" data-element_type=\"widget\" data-e-type=\"widget\" data-settings=\"{&quot;_animation&quot;:&quot;fadeInUp&quot;}\" data-widget_type=\"spacer.default\">\n\t\t\t\t<div class=\"elementor-widget-container\">\n\t\t\t\t\t\t\t<div class=\"elementor-spacer\">\n\t\t\t<div class=\"elementor-spacer-inner\"><\/div>\n\t\t<\/div>\n\t\t\t\t\t\t<\/div>\n\t\t\t\t<\/div>\n\t\t\t\t<div class=\"elementor-element elementor-element-c4bfd6c elementor-widget-divider--view-line elementor-widget elementor-widget-divider\" data-id=\"c4bfd6c\" data-element_type=\"widget\" data-e-type=\"widget\" data-widget_type=\"divider.default\">\n\t\t\t\t<div class=\"elementor-widget-container\">\n\t\t\t\t\t\t\t<div class=\"elementor-divider\">\n\t\t\t<span class=\"elementor-divider-separator\">\n\t\t\t\t\t\t<\/span>\n\t\t<\/div>\n\t\t\t\t\t\t<\/div>\n\t\t\t\t<\/div>\n\t\t\t\t<div class=\"elementor-element elementor-element-6bd20bd elementor-widget elementor-widget-text-editor\" data-id=\"6bd20bd\" data-element_type=\"widget\" data-e-type=\"widget\" data-widget_type=\"text-editor.default\">\n\t\t\t\t<div class=\"elementor-widget-container\">\n\t\t\t\t\t\t\t\t\t<p>The club is an essential resource for Germans and people from other countries living in Korea, providing support and guidance, particularly to those new to the country and adjusting to life's challenges here. Being able to communicate in one's native language can be an invaluable resource.<\/p><p>Deutscher Club Seoul represents more than just cultural exchange and networking; it embodies social engagement and a deep sense of community spirit. We warmly welcome you to join our community and help make a positive difference together!<\/p><p>\u2013 The Board of Deutscher Club Seoul<\/p>\t\t\t\t\t\t\t\t<\/div>\n\t\t\t\t<\/div>\n\t\t\t\t<\/div>\n\t\t\t\t\t<\/div>\n\t\t\t\t<\/div>\n\t\t<div class=\"elementor-element elementor-element-3efba63 e-flex e-con-boxed e-con e-parent\" data-id=\"3efba63\" data-element_type=\"container\" data-e-type=\"container\" data-settings=\"{&quot;background_background&quot;:&quot;classic&quot;}\">\n\t\t\t\t\t<div class=\"e-con-inner\">\n\t\t\t\t\t<\/div>\n\t\t\t\t<\/div>\n\t\t<div class=\"elementor-element elementor-element-bcae5ef e-flex e-con-boxed e-con e-parent\" data-id=\"bcae5ef\" data-element_type=\"container\" data-e-type=\"container\">\n\t\t\t\t\t<div class=\"e-con-inner\">\n\t\t\t\t<div class=\"elementor-element elementor-element-7c2ebb8 elementor-widget elementor-widget-spacer\" data-id=\"7c2ebb8\" data-element_type=\"widget\" data-e-type=\"widget\" data-widget_type=\"spacer.default\">\n\t\t\t\t<div class=\"elementor-widget-container\">\n\t\t\t\t\t\t\t<div class=\"elementor-spacer\">\n\t\t\t<div class=\"elementor-spacer-inner\"><\/div>\n\t\t<\/div>\n\t\t\t\t\t\t<\/div>\n\t\t\t\t<\/div>\n\t\t\t\t\t<\/div>\n\t\t\t\t<\/div>\n\t\t<div class=\"elementor-element elementor-element-a8e23d6 e-flex e-con-boxed elementor-invisible e-con e-parent\" data-id=\"a8e23d6\" data-element_type=\"container\" data-e-type=\"container\" data-settings=\"{&quot;animation&quot;:&quot;fadeInUp&quot;,&quot;animation_mobile&quot;:&quot;none&quot;}\">\n\t\t\t\t\t<div class=\"e-con-inner\">\n\t\t<div class=\"elementor-element elementor-element-6b7da2a e-con-full e-flex e-con e-child\" data-id=\"6b7da2a\" data-element_type=\"container\" data-e-type=\"container\">\n\t\t\t\t<div class=\"elementor-element elementor-element-47dc2ed elementor-widget__width-initial elementor-position-top elementor-widget elementor-widget-image-box\" data-id=\"47dc2ed\" data-element_type=\"widget\" data-e-type=\"widget\" data-settings=\"{&quot;_animation_mobile&quot;:&quot;fadeInUp&quot;}\" data-widget_type=\"image-box.default\">\n\t\t\t\t<div class=\"elementor-widget-container\">\n\t\t\t\t\t<div class=\"elementor-image-box-wrapper\"><figure class=\"elementor-image-box-img\"><a href=\"mailto:president@deutscherclubseoul.org\" tabindex=\"-1\"><img decoding=\"async\" src=\"https:\/\/deutscherclubseoul.org\/wp-content\/uploads\/elementor\/thumbs\/Wiebke1-qcfvuvercy1wr2g1yx3jkztyhnnn9jeh5gwq7sldsg.jpg\" title=\"Wiebke1\" alt=\"Wiebke1\" loading=\"lazy\" \/><\/a><\/figure><div class=\"elementor-image-box-content\"><h3 class=\"elementor-image-box-title\"><a href=\"mailto:president@deutscherclubseoul.org\">Wiebke Axebark<\/a><\/h3><p class=\"elementor-image-box-description\">President<\/p><\/div><\/div>\t\t\t\t<\/div>\n\t\t\t\t<\/div>\n\t\t\t\t<\/div>\n\t\t<div class=\"elementor-element elementor-element-a158e79 e-con-full e-flex e-con e-child\" data-id=\"a158e79\" data-element_type=\"container\" data-e-type=\"container\">\n\t\t\t\t<div class=\"elementor-element elementor-element-142550b elementor-widget__width-initial elementor-position-top elementor-widget elementor-widget-image-box\" data-id=\"142550b\" data-element_type=\"widget\" data-e-type=\"widget\" data-settings=\"{&quot;_animation_mobile&quot;:&quot;fadeInUp&quot;}\" data-widget_type=\"image-box.default\">\n\t\t\t\t<div class=\"elementor-widget-container\">\n\t\t\t\t\t<div class=\"elementor-image-box-wrapper\"><figure class=\"elementor-image-box-img\"><a href=\"mailto:vp@deutscherclubseoul.org\" tabindex=\"-1\"><img decoding=\"async\" src=\"https:\/\/deutscherclubseoul.org\/wp-content\/uploads\/elementor\/thumbs\/Facetune_15-04-2023-13-52-21-2-qcf7btx2w18hqx42b7wz5tss6c2021seetjbppvz80.jpg\" title=\"Facetune_15-04-2023-13-52-21-2\" alt=\"Facetune_15-04-2023-13-52-21-2\" loading=\"lazy\" \/><\/a><\/figure><div class=\"elementor-image-box-content\"><h3 class=\"elementor-image-box-title\"><a href=\"mailto:vp@deutscherclubseoul.org\">Youjin Shin<\/a><\/h3><p class=\"elementor-image-box-description\">VP<\/p><\/div><\/div>\t\t\t\t<\/div>\n\t\t\t\t<\/div>\n\t\t\t\t<\/div>\n\t\t\t\t\t<\/div>\n\t\t\t\t<\/div>\n\t\t<div class=\"elementor-element elementor-element-2b42569 e-flex e-con-boxed elementor-invisible e-con e-parent\" data-id=\"2b42569\" data-element_type=\"container\" data-e-type=\"container\" data-settings=\"{&quot;animation&quot;:&quot;fadeInUp&quot;,&quot;animation_mobile&quot;:&quot;none&quot;}\">\n\t\t\t\t\t<div class=\"e-con-inner\">\n\t\t<div class=\"elementor-element elementor-element-38cf043 e-con-full e-flex e-con e-child\" data-id=\"38cf043\" data-element_type=\"container\" data-e-type=\"container\">\n\t\t\t\t<div class=\"elementor-element elementor-element-dc77f98 elementor-widget__width-initial elementor-position-top elementor-widget elementor-widget-image-box\" data-id=\"dc77f98\" data-element_type=\"widget\" data-e-type=\"widget\" data-settings=\"{&quot;_animation_mobile&quot;:&quot;fadeInUp&quot;}\" data-widget_type=\"image-box.default\">\n\t\t\t\t<div class=\"elementor-widget-container\">\n\t\t\t\t\t<div class=\"elementor-image-box-wrapper\"><figure class=\"elementor-image-box-img\"><a href=\"mailto:angela.welz@deutscherclubseoul.org\" tabindex=\"-1\"><img decoding=\"async\" src=\"https:\/\/deutscherclubseoul.org\/wp-content\/uploads\/elementor\/thumbs\/WhatsApp-Image-2024-04-08-at-4.45.34-PM-e1712566477775-qmeg4gvy4e13839ce0fpz6bfdgcobynd50v3pku2og.jpeg\" title=\"WhatsApp Image 2024-04-08 at 4.45.34 PM\" alt=\"WhatsApp Image 2024-04-08 at 4.45.34 PM\" loading=\"lazy\" \/><\/a><\/figure><div class=\"elementor-image-box-content\"><h3 class=\"elementor-image-box-title\"><a href=\"mailto:angela.welz@deutscherclubseoul.org\">Angela Welz<\/a><\/h3><p class=\"elementor-image-box-description\">PR<\/p><\/div><\/div>\t\t\t\t<\/div>\n\t\t\t\t<\/div>\n\t\t\t\t<\/div>\n\t\t<div class=\"elementor-element elementor-element-543339b e-con-full e-flex e-con e-child\" data-id=\"543339b\" data-element_type=\"container\" data-e-type=\"container\">\n\t\t\t\t<div class=\"elementor-element elementor-element-ee078e1 elementor-widget__width-initial elementor-position-top elementor-widget elementor-widget-image-box\" data-id=\"ee078e1\" data-element_type=\"widget\" data-e-type=\"widget\" data-settings=\"{&quot;_animation_mobile&quot;:&quot;fadeInUp&quot;}\" data-widget_type=\"image-box.default\">\n\t\t\t\t<div class=\"elementor-widget-container\">\n\t\t\t\t\t<div class=\"elementor-image-box-wrapper\"><figure class=\"elementor-image-box-img\"><a href=\"mailto:newcomer@deutscherclubseoul.org\" tabindex=\"-1\"><img decoding=\"async\" src=\"https:\/\/deutscherclubseoul.org\/wp-content\/uploads\/elementor\/thumbs\/Magali-qcf7ba6gwihgz3wqihdt7gs3p8rakem1c3u4mwp8uo.jpg\" title=\"Magali\" alt=\"Magali\" loading=\"lazy\" \/><\/a><\/figure><div class=\"elementor-image-box-content\"><h3 class=\"elementor-image-box-title\"><a href=\"mailto:newcomer@deutscherclubseoul.org\">Magali Sandmann<\/a><\/h3><p class=\"elementor-image-box-description\">Newcomers<br> &amp; <br>Webmaster<\/p><\/div><\/div>\t\t\t\t<\/div>\n\t\t\t\t<\/div>\n\t\t\t\t<div class=\"elementor-element elementor-element-4e92a9f elementor-widget elementor-widget-spacer\" data-id=\"4e92a9f\" data-element_type=\"widget\" data-e-type=\"widget\" data-widget_type=\"spacer.default\">\n\t\t\t\t<div class=\"elementor-widget-container\">\n\t\t\t\t\t\t\t<div class=\"elementor-spacer\">\n\t\t\t<div class=\"elementor-spacer-inner\"><\/div>\n\t\t<\/div>\n\t\t\t\t\t\t<\/div>\n\t\t\t\t<\/div>\n\t\t\t\t<\/div>\n\t\t<div class=\"elementor-element elementor-element-a59e043 e-con-full e-flex e-con e-child\" data-id=\"a59e043\" data-element_type=\"container\" data-e-type=\"container\">\n\t\t\t\t<div class=\"elementor-element elementor-element-7403e4c elementor-widget__width-initial elementor-position-top elementor-widget elementor-widget-image-box\" data-id=\"7403e4c\" data-element_type=\"widget\" data-e-type=\"widget\" data-settings=\"{&quot;_animation_mobile&quot;:&quot;fadeInUp&quot;}\" data-widget_type=\"image-box.default\">\n\t\t\t\t<div class=\"elementor-widget-container\">\n\t\t\t\t\t<div class=\"elementor-image-box-wrapper\"><figure class=\"elementor-image-box-img\"><a href=\"mailto:events@deutscherclubseoul.org\" tabindex=\"-1\"><img decoding=\"async\" src=\"https:\/\/deutscherclubseoul.org\/wp-content\/uploads\/elementor\/thumbs\/Magnus-e1687367253270-q8arntl13ygh5w6tqcz7v8fkhl7bmk8vps00fts840.jpg\" title=\"Magnus\" alt=\"Magnus\" loading=\"lazy\" \/><\/a><\/figure><div class=\"elementor-image-box-content\"><h3 class=\"elementor-image-box-title\"><a href=\"mailto:events@deutscherclubseoul.org\">Magnus Scherr<\/a><\/h3><p class=\"elementor-image-box-description\">Events<\/p><\/div><\/div>\t\t\t\t<\/div>\n\t\t\t\t<\/div>\n\t\t\t\t<\/div>\n\t\t\t\t\t<\/div>\n\t\t\t\t<\/div>\n\t\t\t\t<\/div>","protected":false},"excerpt":{"rendered":"<p>Wer wir sind. Deutscher Club Seoul: Gemeinschaft und Kultur seit 1995 Der Deutsche Club Seoul dient als zentraler Treffpunkt f\u00fcr Deutsche und deutschsprachige Personen in Korea. Er ist eine Plattform &hellip;<\/p>\n<p class=\"read-more\"> <a class=\"\" href=\"https:\/\/deutscherclubseoul.org\/en\/activities\/\"> <span class=\"screen-reader-text\">About Us<\/span> Read More &raquo;<\/a><\/p>","protected":false},"author":1,"featured_media":0,"parent":0,"menu_order":0,"comment_status":"closed","ping_status":"closed","template":"","meta":{"site-sidebar-layout":"no-sidebar","site-content-layout":"page-builder","ast-global-header-display":"","ast-banner-title-visibility":"","ast-main-header-display":"","ast-hfb-above-header-display":"","ast-hfb-below-header-display":"","ast-hfb-mobile-header-display":"","site-post-title":"disabled","ast-breadcrumbs-content":"disabled","ast-featured-img":"disabled","footer-sml-layout":"","theme-transparent-header-meta":"default","adv-header-id-meta":"","stick-header-meta":"","header-above-stick-meta":"","header-main-stick-meta":"","header-below-stick-meta":"","footnotes":""},"class_list":["post-154","page","type-page","status-publish","hentry"],"_links":{"self":[{"href":"https:\/\/deutscherclubseoul.org\/en\/wp-json\/wp\/v2\/pages\/154","targetHints":{"allow":["GET"]}}],"collection":[{"href":"https:\/\/deutscherclubseoul.org\/en\/wp-json\/wp\/v2\/pages"}],"about":[{"href":"https:\/\/deutscherclubseoul.org\/en\/wp-json\/wp\/v2\/types\/page"}],"author":[{"embeddable":true,"href":"https:\/\/deutscherclubseoul.org\/en\/wp-json\/wp\/v2\/users\/1"}],"replies":[{"embeddable":true,"href":"https:\/\/deutscherclubseoul.org\/en\/wp-json\/wp\/v2\/comments?post=154"}],"version-history":[{"count":187,"href":"https:\/\/deutscherclubseoul.org\/en\/wp-json\/wp\/v2\/pages\/154\/revisions"}],"predecessor-version":[{"id":1762,"href":"https:\/\/deutscherclubseoul.org\/en\/wp-json\/wp\/v2\/pages\/154\/revisions\/1762"}],"wp:attachment":[{"href":"https:\/\/deutscherclubseoul.org\/en\/wp-json\/wp\/v2\/media?parent=154"}],"curies":[{"name":"wp","href":"https:\/\/api.w.org\/{rel}","templated":true}]}}